{"id":1440,"date":"2023-06-24T05:08:03","date_gmt":"2023-06-23T20:08:03","guid":{"rendered":"https:\/\/smart-web.tokyo\/s2024\/?page_id=1440"},"modified":"2023-06-24T05:08:32","modified_gmt":"2023-06-23T20:08:32","slug":"p023","status":"publish","type":"page","link":"https:\/\/smart-web.tokyo\/s2024\/p023\/","title":{"rendered":"p023"},"content":{"rendered":"<p><body><\/p>\n<div class=\"row\">\n<div class=\"container\">\n<div class=\"leftbox\">\n<div class=\"content\">\n<h2>01<\/h2>\n<h3>Responsive Web Design<\/h3>\n<p>Le <strong>Responsive design<\/strong> est l&#8217;adaptabilit\u00e9 de votre site sur tous les supports d&#8217;\u00e9cran (smartphone, tablettes&#8230;). Indispensable aujourd&#8217;hui tant la consultation des sites grandit sur ces supports et le &#8220;mobile friendly&#8221; doit \u00eatre une option obligatoire dans votre r\u00e9flexion.<\/p>\n<p>                <a href=\"#\">Etape suivante<\/a>\n        <\/div>\n<\/p><\/div>\n<\/div>\n<div class=\"container\">\n<div class=\"box\">\n<div id=\"pointer\" class=\"pointer\">\n<p>Votre site s&#8217;ajuste quel que soit le smartphone utilis\u00e9, il existe des dizaines de tailles d&#8217;\u00e9cran, il est donc important de penser son site pour cette adaptabilit\u00e9 aux r\u00e9solutions les plus courantes.<\/p>\n<\/div>\n<p>    <img decoding=\"async\" src=\"http:\/\/localhost:8888\/projectionweb\/wp-content\/uploads\/2019\/03\/iphone.png\" class=\"phone\"><br \/>\n        <img decoding=\"async\" src=\"http:\/\/localhost:8888\/projectionweb\/wp-content\/uploads\/2019\/03\/screen.png\" class=\"screen screen1\"><br \/>\n        <img decoding=\"async\" src=\"http:\/\/localhost:8888\/projectionweb\/wp-content\/uploads\/2019\/03\/screen.png\" class=\"screen screen2\"><br \/>\n        <img decoding=\"async\" src=\"http:\/\/localhost:8888\/projectionweb\/wp-content\/uploads\/2019\/03\/screen.png\" class=\"screen screen3\"><br \/>\n        <img decoding=\"async\" src=\"http:\/\/localhost:8888\/projectionweb\/wp-content\/uploads\/2019\/03\/screen.png\" class=\"screen screen4\"><br \/>\n        <img decoding=\"async\" src=\"http:\/\/localhost:8888\/projectionweb\/wp-content\/uploads\/2019\/03\/screen.png\" class=\"screen screen5\">\n    <\/div>\n<\/p><\/div>\n<\/div>\n<p><\/body><\/p>\n","protected":false},"excerpt":{"rendered":"<p>01 Responsive Web Design Le Re &#8230;<\/p>\n","protected":false},"author":1,"featured_media":0,"parent":0,"menu_order":0,"comment_status":"closed","ping_status":"closed","template":"","meta":{"footnotes":""},"class_list":["post-1440","page","type-page","status-publish","hentry"],"_links":{"self":[{"href":"https:\/\/smart-web.tokyo\/s2024\/wp-json\/wp\/v2\/pages\/1440","targetHints":{"allow":["GET"]}}],"collection":[{"href":"https:\/\/smart-web.tokyo\/s2024\/wp-json\/wp\/v2\/pages"}],"about":[{"href":"https:\/\/smart-web.tokyo\/s2024\/wp-json\/wp\/v2\/types\/page"}],"author":[{"embeddable":true,"href":"https:\/\/smart-web.tokyo\/s2024\/wp-json\/wp\/v2\/users\/1"}],"replies":[{"embeddable":true,"href":"https:\/\/smart-web.tokyo\/s2024\/wp-json\/wp\/v2\/comments?post=1440"}],"version-history":[{"count":1,"href":"https:\/\/smart-web.tokyo\/s2024\/wp-json\/wp\/v2\/pages\/1440\/revisions"}],"predecessor-version":[{"id":1441,"href":"https:\/\/smart-web.tokyo\/s2024\/wp-json\/wp\/v2\/pages\/1440\/revisions\/1441"}],"wp:attachment":[{"href":"https:\/\/smart-web.tokyo\/s2024\/wp-json\/wp\/v2\/media?parent=1440"}],"curies":[{"name":"wp","href":"https:\/\/api.w.org\/{rel}","templated":true}]}}